{"id":3816,"date":"2017-06-26T16:14:04","date_gmt":"2017-06-26T14:14:04","guid":{"rendered":"https:\/\/hotel-meysset.com\/sarlat\/"},"modified":"2017-09-26T16:53:40","modified_gmt":"2017-09-26T14:53:40","slug":"sarlat","status":"publish","type":"page","link":"https:\/\/hotel-meysset.com\/en\/sarlat\/","title":{"rendered":"Sarlat"},"content":{"rendered":"\n<style type=\"text\/css\" data-created_by=\"avia_inline_auto\" id=\"style-css-av-av_heading-5b3c050b96b2e63aca0b8c0fdebf1a7a\">\n#top .av-special-heading.av-av_heading-5b3c050b96b2e63aca0b8c0fdebf1a7a{\npadding-bottom:10px;\n}\nbody .av-special-heading.av-av_heading-5b3c050b96b2e63aca0b8c0fdebf1a7a .av-special-heading-tag .heading-char{\nfont-size:25px;\n}\n.av-special-heading.av-av_heading-5b3c050b96b2e63aca0b8c0fdebf1a7a .av-subheading{\nfont-size:15px;\n}\n<\/style>\n<div  class='av-special-heading av-av_heading-5b3c050b96b2e63aca0b8c0fdebf1a7a av-special-heading-h1  avia-builder-el-0  el_before_av_textblock  avia-builder-el-first '><h1 class='av-special-heading-tag '  itemprop=\"headline\"  >Sarlat medieval city in Black P\u00e9rigord<\/h1><div class=\"special-heading-border\"><div class=\"special-heading-inner-border\"><\/div><\/div><\/div>\n<section  class='av_textblock_section av-av_textblock-396ddf1f42196ca838231e61a4602801 '   itemscope=\"itemscope\" itemtype=\"https:\/\/schema.org\/CreativeWork\" ><div class='avia_textblock'  itemprop=\"text\" ><blockquote>\n<p>Whether it is a stay for fun or adventure, for well-being or gastronomic, top up with emotions and set your tracks towards surprises and discover unusual moments!<\/p>\n<\/blockquote>\n<\/div><\/section>\n<div  class='avia-slideshow av-av_slideshow-a3c796ffb1050a4e2be58b4c105505b4 avia-slideshow-featured_large av_slideshow avia-slide-slider  avia-builder-el-2  el_after_av_textblock  el_before_av_one_half  av-slideshow-ui av-control-default av-slideshow-autoplay av-loop-endless av-loop-manual-endless av-default-height-applied avia-slideshow-1' data-slideshow-options=\"{&quot;animation&quot;:&quot;slide&quot;,&quot;autoplay&quot;:true,&quot;loop_autoplay&quot;:&quot;endless&quot;,&quot;interval&quot;:5,&quot;loop_manual&quot;:&quot;manual-endless&quot;,&quot;autoplay_stopper&quot;:false,&quot;noNavigation&quot;:false,&quot;bg_slider&quot;:false,&quot;keep_padding&quot;:false,&quot;hoverpause&quot;:false,&quot;show_slide_delay&quot;:0}\"  itemprop=\"image\" itemscope=\"itemscope\" itemtype=\"https:\/\/schema.org\/ImageObject\" ><ul class='avia-slideshow-inner ' style='padding-bottom: 52.5%;'><li  class='avia-slideshow-slide av-av_slideshow-a3c796ffb1050a4e2be58b4c105505b4__0  slide-1 slide-odd'><div data-rel='slideshow-1' class='avia-slide-wrap '   ><img decoding=\"async\" fetchpriority=\"high\" class=\"wp-image-3728 avia-img-lazy-loading-not-3728\"  src=\"https:\/\/hotel-meysset.com\/wp-content\/uploads\/2017\/06\/slide-sarlat-03-1200x630.jpg\" width=\"1200\" height=\"630\" title='Medieval city of Sarlat' alt='Medieval city of Sarlat'  itemprop=\"thumbnailUrl\"   \/><\/div><\/li><li  class='avia-slideshow-slide av-av_slideshow-a3c796ffb1050a4e2be58b4c105505b4__1  slide-2 slide-even'><div data-rel='slideshow-1' class='avia-slide-wrap '   ><img decoding=\"async\" fetchpriority=\"high\" class=\"wp-image-3727 avia-img-lazy-loading-not-3727\"  src=\"https:\/\/hotel-meysset.com\/wp-content\/uploads\/2017\/06\/slide-sarlat-02-1200x630.jpg\" width=\"1200\" height=\"630\" title='Medieval city of Sarlat' alt='Medieval city of Sarlat'  itemprop=\"thumbnailUrl\"   \/><\/div><\/li><li  class='avia-slideshow-slide av-av_slideshow-a3c796ffb1050a4e2be58b4c105505b4__2  slide-3 slide-odd'><div data-rel='slideshow-1' class='avia-slide-wrap '   ><img decoding=\"async\" fetchpriority=\"high\" class=\"wp-image-3726 avia-img-lazy-loading-not-3726\"  src=\"https:\/\/hotel-meysset.com\/wp-content\/uploads\/2017\/06\/slide-sarlat-01-1200x630.jpg\" width=\"1200\" height=\"630\" title='Medieval city of Sarlat' alt='Medieval city of Sarlat'  itemprop=\"thumbnailUrl\"   \/><\/div><\/li><\/ul><div class='avia-slideshow-arrows avia-slideshow-controls' ><a href='#prev' class='prev-slide  avia-svg-icon avia-font-svg_entypo-fontello' data-av_svg_icon='left-open-big' data-av_iconset='svg_entypo-fontello' tabindex='-1' title=\"Previous\"><svg version=\"1.1\" xmlns=\"http:\/\/www.w3.org\/2000\/svg\" width=\"15\" height=\"32\" viewBox=\"0 0 15 32\" preserveAspectRatio=\"xMidYMid meet\" aria-labelledby='av-svg-title-1' aria-describedby='av-svg-desc-1' role=\"graphics-symbol\" aria-hidden=\"true\">\n<title id='av-svg-title-1'>Previous<\/title>\n<desc id='av-svg-desc-1'>Previous<\/desc>\n<path d=\"M14.464 27.84q0.832 0.832 0 1.536-0.832 0.832-1.536 0l-12.544-12.608q-0.768-0.768 0-1.6l12.544-12.608q0.704-0.832 1.536 0 0.832 0.704 0 1.536l-11.456 11.904z\"><\/path>\n<\/svg><span class='avia_hidden_link_text'>Previous<\/span><\/a><a href='#next' class='next-slide  avia-svg-icon avia-font-svg_entypo-fontello' data-av_svg_icon='right-open-big' data-av_iconset='svg_entypo-fontello' tabindex='-1' title=\"Next\"><svg version=\"1.1\" xmlns=\"http:\/\/www.w3.org\/2000\/svg\" width=\"15\" height=\"32\" viewBox=\"0 0 15 32\" preserveAspectRatio=\"xMidYMid meet\" aria-labelledby='av-svg-title-2' aria-describedby='av-svg-desc-2' role=\"graphics-symbol\" aria-hidden=\"true\">\n<title id='av-svg-title-2'>Next<\/title>\n<desc id='av-svg-desc-2'>Next<\/desc>\n<path d=\"M0.416 27.84l11.456-11.84-11.456-11.904q-0.832-0.832 0-1.536 0.832-0.832 1.536 0l12.544 12.608q0.768 0.832 0 1.6l-12.544 12.608q-0.704 0.832-1.536 0-0.832-0.704 0-1.536z\"><\/path>\n<\/svg><span class='avia_hidden_link_text'>Next<\/span><\/a><\/div><div class='avia-slideshow-dots avia-slideshow-controls'><a href='#1' class='goto-slide active' >1<\/a><a href='#2' class='goto-slide ' >2<\/a><a href='#3' class='goto-slide ' >3<\/a><\/div><\/div>\n\n<style type=\"text\/css\" data-created_by=\"avia_inline_auto\" id=\"style-css-av-av_one_half-6126cab7d8fab8d08143dd2dacdf673c\">\n.flex_column.av-av_one_half-6126cab7d8fab8d08143dd2dacdf673c{\nborder-radius:0px 0px 0px 0px;\npadding:0px 0px 0px 0px;\n}\n<\/style>\n<div  class='flex_column av-av_one_half-6126cab7d8fab8d08143dd2dacdf673c av_one_half  avia-builder-el-3  el_after_av_slideshow  el_before_av_one_half  first flex_column_div av-zero-column-padding  '     ><section  class='av_textblock_section av-av_textblock-396ddf1f42196ca838231e61a4602801 '   itemscope=\"itemscope\" itemtype=\"https:\/\/schema.org\/CreativeWork\" ><div class='avia_textblock'  itemprop=\"text\" ><blockquote>\n<p>Certainly, the Black P\u00e9rigord is not just a gourmet\u2019s paradise renown for truffles, penny bun cep mushrooms, foie gras and duck, strawberries and walnuts.<\/p>\n<\/blockquote>\n<p>It is also the crossroad where pre-history and history compete with their treasures, a Land where Mankind has chosen to live since the mists of time and has left a heritage of exceptional master pieces, witness the Lascaux paintings and other pre-history sites classed Unesco World Heritage (caves and caverns), its thousand and one Castles, fortified Bastide towns, Gardens, Medieval cities and renown Vineyards.<\/p>\n<p>Our Hotel overlooks Sarlat-La-Can\u00e9da, Town of Art and History.<br \/>\nIn a few minutes, dive into this fortified town and stroll through its medieval alleys and lively squares.<\/p>\n<\/div><\/section><\/div>\n<style type=\"text\/css\" data-created_by=\"avia_inline_auto\" id=\"style-css-av-av_one_half-0aa7055fe62c3622faec82866afbaeb2\">\n.flex_column.av-av_one_half-0aa7055fe62c3622faec82866afbaeb2{\nborder-radius:0px 0px 0px 0px;\npadding:0px 0px 0px 0px;\n}\n<\/style>\n<div  class='flex_column av-av_one_half-0aa7055fe62c3622faec82866afbaeb2 av_one_half  avia-builder-el-5  el_after_av_one_half  el_before_av_one_half  flex_column_div av-zero-column-padding  '     ><section  class='av_textblock_section av-av_textblock-396ddf1f42196ca838231e61a4602801 '   itemscope=\"itemscope\" itemtype=\"https:\/\/schema.org\/CreativeWork\" ><div class='avia_textblock'  itemprop=\"text\" ><h3>During your stay, we recommend:<\/h3>\n<p>Visiting the town of Sarlat: All year round, guided or audio-guided tours of the medieval city.<br \/>\nFor your information: In July and August, the Sarlat Tourist Office is open throughout the day from 09h to 19h on week days and 10h to 13h and 14h to 18h on Sundays.<br \/>\nThe panoramic lift: In the church of Saint Marie, discover Sarlat with another eye.<br \/>\nGisson Manor in the heart of Sarlat <a href=\"http:\/\/www.manoirdegisson.com\" target=\"_blank\" rel=\"noopener\">http:\/\/www.manoirdegisson.com<\/a><br \/>\nPuymartin Castle at the gates of Sarlat <a href=\"http:\/\/www.chateau-puymartin.com\" target=\"_blank\" rel=\"noopener\">http:\/\/www.chateau-puymartin.com<\/a><\/p>\n<p>In this gastronomic temple, towns and villages are thriving on the weekly market days and honour is given to local producers and promotion of the fruits of their know-how. Those of Sarlat will astound you:<br \/>\nWhether they are the open air markets on Wednesdays and Saturdays held all year round<br \/>\nOr the daily covered market in the former church of Saint Marie<br \/>\nOr the weekly Thursday evening organic market<br \/>\nOr those dedicated to truffles from December to February.<\/p>\n<\/div><\/section><\/div>\n<style type=\"text\/css\" data-created_by=\"avia_inline_auto\" id=\"style-css-av-av_one_half-6126cab7d8fab8d08143dd2dacdf673c\">\n.flex_column.av-av_one_half-6126cab7d8fab8d08143dd2dacdf673c{\nborder-radius:0px 0px 0px 0px;\npadding:0px 0px 0px 0px;\n}\n<\/style>\n<div  class='flex_column av-av_one_half-6126cab7d8fab8d08143dd2dacdf673c av_one_half  avia-builder-el-7  el_after_av_one_half  el_before_av_one_half  first flex_column_div av-zero-column-padding  column-top-margin'     ><section  class='av_textblock_section av-av_textblock-396ddf1f42196ca838231e61a4602801 '   itemscope=\"itemscope\" itemtype=\"https:\/\/schema.org\/CreativeWork\" ><div class='avia_textblock'  itemprop=\"text\" ><h3>Festivals, fairs and events in Sarlat and surrounding area:<\/h3>\n<p>Mid-January: Truffle fair &amp; foie gras and truffle culinary academy in Sarlat<br \/>\nEarly March: Goose feast<br \/>\nMay: The Foolish Art of Sarlat<br \/>\nJuly: The Paths of l\u2019Imaginaire in Terrasson<br \/>\nJuly and August: Theatre Games Festival in Sarlat<br \/>\nJuly: Festival of Art, Danse and Music of the World in Montignac<br \/>\nEarly August: Fairs in Thonac and Saint-L\u00e9on-sur-V\u00e9z\u00e8re<br \/>\nMid August: Fair in Vaoljoulx and trek<br \/>\nEnd August: Sausage fair in Saint-Geni\u00e8s<br \/>\nOctober: Black Perigord Festival, classical music in the churches of Saint-Leon-sur-V\u00e9z\u00e8re, Montignac et Saint-Amand-de-Coly<br \/>\nNovember: Film Festival in Sarlat<\/p>\n<\/div><\/section><\/div>\n<style type=\"text\/css\" data-created_by=\"avia_inline_auto\" id=\"style-css-av-av_one_half-0aa7055fe62c3622faec82866afbaeb2\">\n.flex_column.av-av_one_half-0aa7055fe62c3622faec82866afbaeb2{\nborder-radius:0px 0px 0px 0px;\npadding:0px 0px 0px 0px;\n}\n<\/style>\n<div  class='flex_column av-av_one_half-0aa7055fe62c3622faec82866afbaeb2 av_one_half  avia-builder-el-9  el_after_av_one_half  avia-builder-el-last  flex_column_div av-zero-column-padding  column-top-margin'     ><section  class='av_textblock_section av-av_textblock-396ddf1f42196ca838231e61a4602801 '   itemscope=\"itemscope\" itemtype=\"https:\/\/schema.org\/CreativeWork\" ><div class='avia_textblock'  itemprop=\"text\" ><h3>Discover and indulge:<\/h3>\n<p>In the vicinity of the most beautiful sites, Nature lovers and enthusiasts for out-door pursuits will find something to please in the Black P\u00e9rigord with more than 1,130 km of hiking, horse or VTT trails and of course the extraordinary canoeing or kayaking down the Dordogne and V\u00e9z\u00e8re rivers.<\/p>\n<\/div><\/section><\/div><\/p>\n","protected":false},"excerpt":{"rendered":"","protected":false},"author":4,"featured_media":0,"parent":0,"menu_order":0,"comment_status":"closed","ping_status":"closed","template":"","meta":{"footnotes":""},"class_list":["post-3816","page","type-page","status-publish","hentry"],"_links":{"self":[{"href":"https:\/\/hotel-meysset.com\/en\/wp-json\/wp\/v2\/pages\/3816","targetHints":{"allow":["GET"]}}],"collection":[{"href":"https:\/\/hotel-meysset.com\/en\/wp-json\/wp\/v2\/pages"}],"about":[{"href":"https:\/\/hotel-meysset.com\/en\/wp-json\/wp\/v2\/types\/page"}],"author":[{"embeddable":true,"href":"https:\/\/hotel-meysset.com\/en\/wp-json\/wp\/v2\/users\/4"}],"replies":[{"embeddable":true,"href":"https:\/\/hotel-meysset.com\/en\/wp-json\/wp\/v2\/comments?post=3816"}],"version-history":[{"count":0,"href":"https:\/\/hotel-meysset.com\/en\/wp-json\/wp\/v2\/pages\/3816\/revisions"}],"wp:attachment":[{"href":"https:\/\/hotel-meysset.com\/en\/wp-json\/wp\/v2\/media?parent=3816"}],"curies":[{"name":"wp","href":"https:\/\/api.w.org\/{rel}","templated":true}]}}