{"id":3822,"date":"2017-06-21T14:58:33","date_gmt":"2017-06-21T12:58:33","guid":{"rendered":"https:\/\/hotel-meysset.com\/services\/"},"modified":"2023-03-23T16:54:22","modified_gmt":"2023-03-23T15:54:22","slug":"services","status":"publish","type":"page","link":"https:\/\/hotel-meysset.com\/en\/services\/","title":{"rendered":"Services"},"content":{"rendered":"\n<style type=\"text\/css\" data-created_by=\"avia_inline_auto\" id=\"style-css-av-7v14i6-6a9e28d70de1902ac826ba3e62d894e7\">\n.avia-image-container.av-7v14i6-6a9e28d70de1902ac826ba3e62d894e7 img.avia_image{\nbox-shadow:none;\n}\n.avia-image-container.av-7v14i6-6a9e28d70de1902ac826ba3e62d894e7 .av-image-caption-overlay-center{\ncolor:#ffffff;\n}\n<\/style>\n<div  class='avia-image-container av-7v14i6-6a9e28d70de1902ac826ba3e62d894e7 av-styling- avia-align-center  avia-builder-el-0  el_before_av_hr  avia-builder-el-first '   itemprop=\"image\" itemscope=\"itemscope\" itemtype=\"https:\/\/schema.org\/ImageObject\" ><div class=\"avia-image-container-inner\"><div class=\"avia-image-overlay-wrap\"><img decoding=\"async\" fetchpriority=\"high\" class='wp-image-7421 avia-img-lazy-loading-not-7421 avia_image ' src=\"https:\/\/hotel-meysset.com\/wp-content\/uploads\/2023\/03\/services-meysset.jpg\" alt='' title='services-meysset'  height=\"430\" width=\"1500\"  itemprop=\"thumbnailUrl\" srcset=\"https:\/\/hotel-meysset.com\/wp-content\/uploads\/2023\/03\/services-meysset.jpg 1500w, https:\/\/hotel-meysset.com\/wp-content\/uploads\/2023\/03\/services-meysset-300x86.jpg 300w, https:\/\/hotel-meysset.com\/wp-content\/uploads\/2023\/03\/services-meysset-1030x295.jpg 1030w, https:\/\/hotel-meysset.com\/wp-content\/uploads\/2023\/03\/services-meysset-768x220.jpg 768w, https:\/\/hotel-meysset.com\/wp-content\/uploads\/2023\/03\/services-meysset-705x202.jpg 705w\" sizes=\"(max-width: 1500px) 100vw, 1500px\" \/><\/div><\/div><\/div>\n\n<style type=\"text\/css\" data-created_by=\"avia_inline_auto\" id=\"style-css-av-6a3nn2-1bc6a83598a6b1f4fadf1e36aecf2330\">\n#top .hr.hr-invisible.av-6a3nn2-1bc6a83598a6b1f4fadf1e36aecf2330{\nheight:20px;\n}\n<\/style>\n<div  class='hr av-6a3nn2-1bc6a83598a6b1f4fadf1e36aecf2330 hr-invisible  avia-builder-el-1  el_after_av_image  el_before_av_textblock '><span class='hr-inner '><span class=\"hr-inner-style\"><\/span><\/span><\/div>\n<section  class='av_textblock_section av-4be7u6-df2d78214d7f2d8e4ec8b99c1457d1ba '   itemscope=\"itemscope\" itemtype=\"https:\/\/schema.org\/CreativeWork\" ><div class='avia_textblock'  itemprop=\"text\" ><h1>All the service of a 3-star hotel in Sarlat<\/h1>\n<\/div><\/section>\n<section  class='av_textblock_section av-2v6xim-eec03a4345dd6bb364a51d4c653d4075 '   itemscope=\"itemscope\" itemtype=\"https:\/\/schema.org\/CreativeWork\" ><div class='avia_textblock'  itemprop=\"text\" ><p><strong>The exceptional location of the Hotel Restaurant le Meysset will quite naturally incite calm.<br \/>\nOur personalised service will reinforce this feeling of quietness.<\/strong><\/p>\n<p>The air-conditionning, the heated swimming pool, solarium with breathtaking view overlooking two valleys will bring the relaxation necessary after a beautiful, big day out in Black P\u00e9rigord.<\/p>\n<p>And what would you think of a relaxing massage to completely erase all trace of fatigue?<\/p>\n<p>To be in perfect communion with this gentle natural setting, in the midst of our parkland of 1.5 hectares you will find here and there stone benches where you can bask or pause to read.<\/p>\n<p>Of course, there is a service \u00ab\u00a0bar\u00a0\u00bb throughout the day whether it is in our main room next to the stone fireplace or on the terrace with its panoramic view over Sarlat la Caneda and the surrounding area.<\/p>\n<\/div><\/section>\n\n<style type=\"text\/css\" data-created_by=\"avia_inline_auto\" id=\"style-css-av-l0v2oiu3-77f3d1e31977672e878d2019c269b0bf\">\n.avia-image-container.av-l0v2oiu3-77f3d1e31977672e878d2019c269b0bf img.avia_image{\nbox-shadow:none;\n}\n.avia-image-container.av-l0v2oiu3-77f3d1e31977672e878d2019c269b0bf .av-caption-image-overlay-bg{\nopacity:0.4;\nbackground-color:#000000;\n}\n.avia-image-container.av-l0v2oiu3-77f3d1e31977672e878d2019c269b0bf .av-image-caption-overlay-center{\ncolor:#ffffff;\n}\n<\/style>\n<div  class='avia-image-container av-l0v2oiu3-77f3d1e31977672e878d2019c269b0bf av-styling- avia-align-center  avia-builder-el-4  el_after_av_textblock  avia-builder-el-last  noHover av-overlay-hover-deactivate'   itemprop=\"image\" itemscope=\"itemscope\" itemtype=\"https:\/\/schema.org\/ImageObject\" ><div class=\"avia-image-container-inner\"><div class=\"avia-image-overlay-wrap\"><div class=\"av-image-caption-overlay\"><div class=\"av-caption-image-overlay-bg\"><\/div><div class=\"av-image-caption-overlay-position\"><div class=\"av-image-caption-overlay-center\"><p>H\u00f4tel Restaurant Le Meysset in Sarlat: A whole team at your service!<\/p>\n<\/div><\/div><\/div><img decoding=\"async\" fetchpriority=\"high\" class='wp-image-4797 avia-img-lazy-loading-not-4797 avia_image ' src=\"https:\/\/hotel-meysset.com\/wp-content\/uploads\/2019\/08\/Propri\u00e9taires-1030x773.jpeg\" alt='Equipe de l&#039;h\u00f4tel Le Meysset \u00e0 Sarlat en Dordogne P\u00e9rigord' title='OLYMPUS DIGITAL CAMERA'  height=\"773\" width=\"1030\"  itemprop=\"thumbnailUrl\" srcset=\"https:\/\/hotel-meysset.com\/wp-content\/uploads\/2019\/08\/Propri\u00e9taires-1030x773.jpeg 1030w, https:\/\/hotel-meysset.com\/wp-content\/uploads\/2019\/08\/Propri\u00e9taires-300x225.jpeg 300w, https:\/\/hotel-meysset.com\/wp-content\/uploads\/2019\/08\/Propri\u00e9taires-768x576.jpeg 768w, https:\/\/hotel-meysset.com\/wp-content\/uploads\/2019\/08\/Propri\u00e9taires-1500x1125.jpeg 1500w, https:\/\/hotel-meysset.com\/wp-content\/uploads\/2019\/08\/Propri\u00e9taires-705x529.jpeg 705w, https:\/\/hotel-meysset.com\/wp-content\/uploads\/2019\/08\/Propri\u00e9taires-450x338.jpeg 450w\" sizes=\"(max-width: 1030px) 100vw, 1030px\" \/><\/div><\/div><\/div>\n","protected":false},"excerpt":{"rendered":"","protected":false},"author":4,"featured_media":0,"parent":0,"menu_order":0,"comment_status":"closed","ping_status":"closed","template":"","meta":{"footnotes":""},"class_list":["post-3822","page","type-page","status-publish","hentry"],"_links":{"self":[{"href":"https:\/\/hotel-meysset.com\/en\/wp-json\/wp\/v2\/pages\/3822","targetHints":{"allow":["GET"]}}],"collection":[{"href":"https:\/\/hotel-meysset.com\/en\/wp-json\/wp\/v2\/pages"}],"about":[{"href":"https:\/\/hotel-meysset.com\/en\/wp-json\/wp\/v2\/types\/page"}],"author":[{"embeddable":true,"href":"https:\/\/hotel-meysset.com\/en\/wp-json\/wp\/v2\/users\/4"}],"replies":[{"embeddable":true,"href":"https:\/\/hotel-meysset.com\/en\/wp-json\/wp\/v2\/comments?post=3822"}],"version-history":[{"count":0,"href":"https:\/\/hotel-meysset.com\/en\/wp-json\/wp\/v2\/pages\/3822\/revisions"}],"wp:attachment":[{"href":"https:\/\/hotel-meysset.com\/en\/wp-json\/wp\/v2\/media?parent=3822"}],"curies":[{"name":"wp","href":"https:\/\/api.w.org\/{rel}","templated":true}]}}